{"id":15087,"date":"2024-05-31T11:12:43","date_gmt":"2024-05-31T09:12:43","guid":{"rendered":"https:\/\/classic-yachts.com\/?post_type=product&#038;p=15087"},"modified":"2024-11-08T07:17:29","modified_gmt":"2024-11-08T06:17:29","slug":"ullas-1963-storebro-soloe-motor-boat","status":"publish","type":"product","link":"https:\/\/classic-yachts.com\/en\/product\/ullas-1963-storebro-soloe-motor-boat\/","title":{"rendered":"ULLA&#8217;S &#8211; 1963 Storebro Sol\u00f6 &#8211; Motorboat &#8211; SOLD"},"content":{"rendered":"<hr \/>\n<h2>Specification<\/h2>\n<p><strong>General Information<\/strong><\/p>\n<table class=\"pe\">\n<tbody>\n<tr>\n<td class=\"pef\">Name<\/td>\n<td class=\"pes\">ULLA&#8217;S<\/td>\n<\/tr>\n<tr>\n<td class=\"pef\">Designer<\/td>\n<td class=\"pes\">Storebro<\/td>\n<\/tr>\n<tr>\n<td class=\"pef\">Builder<\/td>\n<td class=\"pes\">Storebro Werft\/SE<\/td>\n<\/tr>\n<tr>\n<td class=\"pef\">Year<\/td>\n<td class=\"pes\">1963<\/td>\n<\/tr>\n<tr>\n<td class=\"pef\">Length overall<\/td>\n<td class=\"pes\">7,25 m<\/td>\n<\/tr>\n<tr>\n<td class=\"pef\">Beam<\/td>\n<td class=\"pes\">2,25 m<\/td>\n<\/tr>\n<tr>\n<td class=\"pef\">Draft<\/td>\n<td class=\"pes\">0,70 m<\/td>\n<\/tr>\n<tr>\n<td class=\"pef\">Location<\/td>\n<td class=\"pes\">Germany, North<\/td>\n<\/tr>\n<\/tbody>\n<\/table>\n<p>Hull material: Mahogany on oak<br \/>\nStructure: Mahogany<br \/>\nBerths: 2<\/p>\n<p><strong>Engine, controls<\/strong><\/p>\n<p>Engine: 1 x Volvo Penta BB 70 HP\/kW: 1 x 65 HP\/ 4-cylinder built-in engine 1-circuit water cooling<br \/>\n2-lever gearshift<br \/>\nInstruments for temperature, oil pressure, volt display, operating hour meter<br \/>\nDiesel: 130 ltr Cruising speed: 16 kn<\/p>\n<p><strong>Navigation<\/strong><\/p>\n<p>Depth sounder<br \/>\nSumlog<\/p>\n<p><strong>Pantry<\/strong><\/p>\n<p>Origo 2000 spirit cooker<br \/>\n12 V refrigerator with Danfoss compressor, type Vitrifrigo 37l<\/p>\n<p><strong>Technical equipment<\/strong><\/p>\n<p>12 V on-board system<br \/>\n2 batteries (12V\/63 AH)<br \/>\nWooden steering wheel, manufacturer Stazo<br \/>\nStainless steel plate anchor with galvanized anchor chain (approx. 20m)<br \/>\nManual Anchor winch<br \/>\nBow thruster<br \/>\n2 windscreen wipers<\/p>\n<p><strong>Accessories \/ equipment<\/strong><\/p>\n<p>Stainless steel bow pulpit<br \/>\nWooden signal mast with stainless steel fittings<br \/>\nFlag mast made of burl wood with stainless steel fittings on the aft deck<br \/>\nFire extinguisher<br \/>\nHand bilge pump<br \/>\nFolding table starboard-aft<br \/>\nBench in slatted construction<\/p>\n","protected":false},"excerpt":{"rendered":"<p>The Storebro Sol\u00f6 is a classic wooden motorboat that was built under the type name Sol\u00f6 by the well-known Swedish Storebro shipyard. This shipyard later became known throughout Europe for producing the high-quality wooden Adler yachts.<\/p>\n<p>The boat is designed for inland and coastal waters for day trips with up to 6 people. The front area includes sleeping accommodation for 2 people in the cabin and the usual storage spaces and compartments.<\/p>\n<p>The hull is made of mahogany wood in clinker construction on oak frames, with three side windows on each side at the front.<\/p>\n<p>2020 engine and gearbox completely overhauled &#8211; 2023 superstructure paint stripped and repainted, new windshield &#8211; 2 windshield wipers &#8211; bow thruster 2023 &#8211; depth sounder, sumlog 2024 &#8211; 2024 keel repaired and laminated over.<\/p>\n<p>Very good condition, lovingly maintained and equipped ready to sail. Ready for use from berth in northern Germany. For sale due to giving up water sports!<\/p>\n","protected":false},"featured_media":15102,"template":"","meta":{"_acf_changed":false},"product_brand":[],"product_cat":[57],"product_tag":[],"class_list":{"0":"post-15087","1":"product","2":"type-product","3":"status-publish","4":"has-post-thumbnail","6":"product_cat-motorboat","8":"first","9":"instock","10":"taxable","11":"shipping-taxable","12":"purchasable","13":"product-type-simple"},"acf":[],"yoast_head":"<!-- This site is optimized with the Yoast SEO plugin v27.3 - https:\/\/yoast.com\/product\/yoast-seo-wordpress\/ -->\n<title>ULLA&#039;S - 1963 Storebro Sol\u00f6 - Motorboat - SOLD - Robbe &amp; Berking - Yards<\/title>\n<meta name=\"robots\" content=\"index, follow, max-snippet:-1, max-image-preview:large, max-video-preview:-1\" \/>\n<link rel=\"canonical\" href=\"https:\/\/classic-yachts.com\/en\/product\/ullas-1963-storebro-soloe-motor-boat\/\" \/>\n<meta property=\"og:locale\" content=\"en_US\" \/>\n<meta property=\"og:type\" content=\"article\" \/>\n<meta property=\"og:title\" content=\"ULLA&#039;S - 1963 Storebro Sol\u00f6 - Motorboat - SOLD - Robbe &amp; Berking - Yards\" \/>\n<meta property=\"og:description\" content=\"The Storebro Sol\u00f6 is a classic wooden motorboat that was built under the type name Sol\u00f6 by the well-known Swedish Storebro shipyard. This shipyard later became known throughout Europe for producing the high-quality wooden Adler yachts.  The boat is designed for inland and coastal waters for day trips with up to 6 people. The front area includes sleeping accommodation for 2 people in the cabin and the usual storage spaces and compartments.  The hull is made of mahogany wood in clinker construction on oak frames, with three side windows on each side at the front.  2020 engine and gearbox completely overhauled - 2023 superstructure paint stripped and repainted, new windshield - 2 windshield wipers - bow thruster 2023 - depth sounder, sumlog 2024 - 2024 keel repaired and laminated over.  Very good condition, lovingly maintained and equipped ready to sail. Ready for use from berth in northern Germany. For sale due to giving up water sports!\" \/>\n<meta property=\"og:url\" content=\"https:\/\/classic-yachts.com\/en\/product\/ullas-1963-storebro-soloe-motor-boat\/\" \/>\n<meta property=\"og:site_name\" content=\"Robbe &amp; Berking - Yards\" \/>\n<meta property=\"article:modified_time\" content=\"2024-11-08T06:17:29+00:00\" \/>\n<meta property=\"og:image\" content=\"https:\/\/classic-yachts.com\/wp-content\/uploads\/2024\/05\/20240527_141627.jpg\" \/>\n\t<meta property=\"og:image:width\" content=\"1024\" \/>\n\t<meta property=\"og:image:height\" content=\"577\" \/>\n\t<meta property=\"og:image:type\" content=\"image\/jpeg\" \/>\n<meta name=\"twitter:card\" content=\"summary_large_image\" \/>\n<meta name=\"twitter:label1\" content=\"Est. reading time\" \/>\n\t<meta name=\"twitter:data1\" content=\"1 minute\" \/>\n<script type=\"application\/ld+json\" class=\"yoast-schema-graph\">{\"@context\":\"https:\\\/\\\/schema.org\",\"@graph\":[{\"@type\":\"WebPage\",\"@id\":\"https:\\\/\\\/classic-yachts.com\\\/en\\\/product\\\/ullas-1963-storebro-soloe-motor-boat\\\/\",\"url\":\"https:\\\/\\\/classic-yachts.com\\\/en\\\/product\\\/ullas-1963-storebro-soloe-motor-boat\\\/\",\"name\":\"ULLA'S - 1963 Storebro Sol\u00f6 - Motorboat - SOLD - Robbe &amp; Berking - Yards\",\"isPartOf\":{\"@id\":\"https:\\\/\\\/classic-yachts.com\\\/en\\\/#website\"},\"primaryImageOfPage\":{\"@id\":\"https:\\\/\\\/classic-yachts.com\\\/en\\\/product\\\/ullas-1963-storebro-soloe-motor-boat\\\/#primaryimage\"},\"image\":{\"@id\":\"https:\\\/\\\/classic-yachts.com\\\/en\\\/product\\\/ullas-1963-storebro-soloe-motor-boat\\\/#primaryimage\"},\"thumbnailUrl\":\"https:\\\/\\\/classic-yachts.com\\\/wp-content\\\/uploads\\\/2024\\\/05\\\/20240527_141627.jpg\",\"datePublished\":\"2024-05-31T09:12:43+00:00\",\"dateModified\":\"2024-11-08T06:17:29+00:00\",\"breadcrumb\":{\"@id\":\"https:\\\/\\\/classic-yachts.com\\\/en\\\/product\\\/ullas-1963-storebro-soloe-motor-boat\\\/#breadcrumb\"},\"inLanguage\":\"en-US\",\"potentialAction\":[{\"@type\":\"ReadAction\",\"target\":[\"https:\\\/\\\/classic-yachts.com\\\/en\\\/product\\\/ullas-1963-storebro-soloe-motor-boat\\\/\"]}]},{\"@type\":\"ImageObject\",\"inLanguage\":\"en-US\",\"@id\":\"https:\\\/\\\/classic-yachts.com\\\/en\\\/product\\\/ullas-1963-storebro-soloe-motor-boat\\\/#primaryimage\",\"url\":\"https:\\\/\\\/classic-yachts.com\\\/wp-content\\\/uploads\\\/2024\\\/05\\\/20240527_141627.jpg\",\"contentUrl\":\"https:\\\/\\\/classic-yachts.com\\\/wp-content\\\/uploads\\\/2024\\\/05\\\/20240527_141627.jpg\",\"width\":1024,\"height\":577},{\"@type\":\"BreadcrumbList\",\"@id\":\"https:\\\/\\\/classic-yachts.com\\\/en\\\/product\\\/ullas-1963-storebro-soloe-motor-boat\\\/#breadcrumb\",\"itemListElement\":[{\"@type\":\"ListItem\",\"position\":1,\"name\":\"Startseite\",\"item\":\"https:\\\/\\\/classic-yachts.com\\\/en\\\/\"},{\"@type\":\"ListItem\",\"position\":2,\"name\":\"Portfolio\",\"item\":\"https:\\\/\\\/classic-yachts.com\\\/en\\\/baum-koenig-yacht-broker\\\/portfolio\\\/\"},{\"@type\":\"ListItem\",\"position\":3,\"name\":\"ULLA&#8217;S &#8211; 1963 Storebro Sol\u00f6 &#8211; Motorboat &#8211; SOLD\"}]},{\"@type\":\"WebSite\",\"@id\":\"https:\\\/\\\/classic-yachts.com\\\/en\\\/#website\",\"url\":\"https:\\\/\\\/classic-yachts.com\\\/en\\\/\",\"name\":\"Robbe &amp; Berking - Yards\",\"description\":\"The Maritime spirit of Robbe &amp; Berking\",\"potentialAction\":[{\"@type\":\"SearchAction\",\"target\":{\"@type\":\"EntryPoint\",\"urlTemplate\":\"https:\\\/\\\/classic-yachts.com\\\/en\\\/?s={search_term_string}\"},\"query-input\":{\"@type\":\"PropertyValueSpecification\",\"valueRequired\":true,\"valueName\":\"search_term_string\"}}],\"inLanguage\":\"en-US\"}]}<\/script>\n<!-- \/ Yoast SEO plugin. -->","yoast_head_json":{"title":"ULLA'S - 1963 Storebro Sol\u00f6 - Motorboat - SOLD - Robbe &amp; Berking - Yards","robots":{"index":"index","follow":"follow","max-snippet":"max-snippet:-1","max-image-preview":"max-image-preview:large","max-video-preview":"max-video-preview:-1"},"canonical":"https:\/\/classic-yachts.com\/en\/product\/ullas-1963-storebro-soloe-motor-boat\/","og_locale":"en_US","og_type":"article","og_title":"ULLA'S - 1963 Storebro Sol\u00f6 - Motorboat - SOLD - Robbe &amp; Berking - Yards","og_description":"The Storebro Sol\u00f6 is a classic wooden motorboat that was built under the type name Sol\u00f6 by the well-known Swedish Storebro shipyard. This shipyard later became known throughout Europe for producing the high-quality wooden Adler yachts.  The boat is designed for inland and coastal waters for day trips with up to 6 people. The front area includes sleeping accommodation for 2 people in the cabin and the usual storage spaces and compartments.  The hull is made of mahogany wood in clinker construction on oak frames, with three side windows on each side at the front.  2020 engine and gearbox completely overhauled - 2023 superstructure paint stripped and repainted, new windshield - 2 windshield wipers - bow thruster 2023 - depth sounder, sumlog 2024 - 2024 keel repaired and laminated over.  Very good condition, lovingly maintained and equipped ready to sail. Ready for use from berth in northern Germany. For sale due to giving up water sports!","og_url":"https:\/\/classic-yachts.com\/en\/product\/ullas-1963-storebro-soloe-motor-boat\/","og_site_name":"Robbe &amp; Berking - Yards","article_modified_time":"2024-11-08T06:17:29+00:00","og_image":[{"width":1024,"height":577,"url":"https:\/\/classic-yachts.com\/wp-content\/uploads\/2024\/05\/20240527_141627.jpg","type":"image\/jpeg"}],"twitter_card":"summary_large_image","twitter_misc":{"Est. reading time":"1 minute"},"schema":{"@context":"https:\/\/schema.org","@graph":[{"@type":"WebPage","@id":"https:\/\/classic-yachts.com\/en\/product\/ullas-1963-storebro-soloe-motor-boat\/","url":"https:\/\/classic-yachts.com\/en\/product\/ullas-1963-storebro-soloe-motor-boat\/","name":"ULLA'S - 1963 Storebro Sol\u00f6 - Motorboat - SOLD - Robbe &amp; Berking - Yards","isPartOf":{"@id":"https:\/\/classic-yachts.com\/en\/#website"},"primaryImageOfPage":{"@id":"https:\/\/classic-yachts.com\/en\/product\/ullas-1963-storebro-soloe-motor-boat\/#primaryimage"},"image":{"@id":"https:\/\/classic-yachts.com\/en\/product\/ullas-1963-storebro-soloe-motor-boat\/#primaryimage"},"thumbnailUrl":"https:\/\/classic-yachts.com\/wp-content\/uploads\/2024\/05\/20240527_141627.jpg","datePublished":"2024-05-31T09:12:43+00:00","dateModified":"2024-11-08T06:17:29+00:00","breadcrumb":{"@id":"https:\/\/classic-yachts.com\/en\/product\/ullas-1963-storebro-soloe-motor-boat\/#breadcrumb"},"inLanguage":"en-US","potentialAction":[{"@type":"ReadAction","target":["https:\/\/classic-yachts.com\/en\/product\/ullas-1963-storebro-soloe-motor-boat\/"]}]},{"@type":"ImageObject","inLanguage":"en-US","@id":"https:\/\/classic-yachts.com\/en\/product\/ullas-1963-storebro-soloe-motor-boat\/#primaryimage","url":"https:\/\/classic-yachts.com\/wp-content\/uploads\/2024\/05\/20240527_141627.jpg","contentUrl":"https:\/\/classic-yachts.com\/wp-content\/uploads\/2024\/05\/20240527_141627.jpg","width":1024,"height":577},{"@type":"BreadcrumbList","@id":"https:\/\/classic-yachts.com\/en\/product\/ullas-1963-storebro-soloe-motor-boat\/#breadcrumb","itemListElement":[{"@type":"ListItem","position":1,"name":"Startseite","item":"https:\/\/classic-yachts.com\/en\/"},{"@type":"ListItem","position":2,"name":"Portfolio","item":"https:\/\/classic-yachts.com\/en\/baum-koenig-yacht-broker\/portfolio\/"},{"@type":"ListItem","position":3,"name":"ULLA&#8217;S &#8211; 1963 Storebro Sol\u00f6 &#8211; Motorboat &#8211; SOLD"}]},{"@type":"WebSite","@id":"https:\/\/classic-yachts.com\/en\/#website","url":"https:\/\/classic-yachts.com\/en\/","name":"Robbe &amp; Berking - Yards","description":"The Maritime spirit of Robbe &amp; Berking","potentialAction":[{"@type":"SearchAction","target":{"@type":"EntryPoint","urlTemplate":"https:\/\/classic-yachts.com\/en\/?s={search_term_string}"},"query-input":{"@type":"PropertyValueSpecification","valueRequired":true,"valueName":"search_term_string"}}],"inLanguage":"en-US"}]}},"_links":{"self":[{"href":"https:\/\/classic-yachts.com\/en\/wp-json\/wp\/v2\/product\/15087","targetHints":{"allow":["GET"]}}],"collection":[{"href":"https:\/\/classic-yachts.com\/en\/wp-json\/wp\/v2\/product"}],"about":[{"href":"https:\/\/classic-yachts.com\/en\/wp-json\/wp\/v2\/types\/product"}],"wp:featuredmedia":[{"embeddable":true,"href":"https:\/\/classic-yachts.com\/en\/wp-json\/wp\/v2\/media\/15102"}],"wp:attachment":[{"href":"https:\/\/classic-yachts.com\/en\/wp-json\/wp\/v2\/media?parent=15087"}],"wp:term":[{"taxonomy":"product_brand","embeddable":true,"href":"https:\/\/classic-yachts.com\/en\/wp-json\/wp\/v2\/product_brand?post=15087"},{"taxonomy":"product_cat","embeddable":true,"href":"https:\/\/classic-yachts.com\/en\/wp-json\/wp\/v2\/product_cat?post=15087"},{"taxonomy":"product_tag","embeddable":true,"href":"https:\/\/classic-yachts.com\/en\/wp-json\/wp\/v2\/product_tag?post=15087"}],"curies":[{"name":"wp","href":"https:\/\/api.w.org\/{rel}","templated":true}]}}