{"id":14511,"date":"2024-02-11T11:00:20","date_gmt":"2024-01-16T15:34:20","guid":{"rendered":"https:\/\/classic-yachts.com\/?post_type=product&#038;p=14511"},"modified":"2024-08-02T15:09:30","modified_gmt":"2024-08-02T13:09:30","slug":"peter-drachen-boerresen-1995","status":"publish","type":"product","link":"https:\/\/classic-yachts.com\/en\/product\/peter-drachen-boerresen-1995\/","title":{"rendered":"PETER &#8211; Dragon &#8211; B\u00f6rresen (1995)"},"content":{"rendered":"<hr \/>\n<h2>Specification<\/h2>\n<p><strong>General<\/strong><\/p>\n<table class=\"pe\">\n<tbody>\n<tr>\n<td class=\"pef\">Name<\/td>\n<td class=\"pes\">PETER<\/td>\n<\/tr>\n<tr>\n<td class=\"pef\">Designer<\/td>\n<td class=\"pes\">B\u00d6RRESEN<\/td>\n<\/tr>\n<tr>\n<td class=\"pef\">Yard<\/td>\n<td class=\"pes\">B\u00d6RRESEN<\/td>\n<\/tr>\n<tr>\n<td class=\"pef\">Build<\/td>\n<td class=\"pes\">1995<\/td>\n<\/tr>\n<tr>\n<td class=\"pef\">LOA<\/td>\n<td class=\"pes\">8,92 m<\/td>\n<\/tr>\n<tr>\n<td class=\"pef\">Width<\/td>\n<td class=\"pes\">1,96 m<\/td>\n<\/tr>\n<tr>\n<td class=\"pef\">Draft<\/td>\n<td class=\"pes\">1,20 m<\/td>\n<\/tr>\n<tr>\n<td class=\"pef\">Displacemant<\/td>\n<td class=\"pes\">1,7 t<\/td>\n<\/tr>\n<tr>\n<td class=\"pef\">Berth<\/td>\n<td class=\"pes\">Bremen, DE<\/td>\n<\/tr>\n<\/tbody>\n<\/table>\n<p>&nbsp;<\/p>\n<p><strong>General description \/ history<\/strong><\/p>\n<p>PETER has only two previous owners and has been in the care of the current father-son-owner duo since 2005 and has only been sailed on the Weser. The dragon is<br \/>\nbut definitely suitable for regattas! The \u201cinternational Dragon Class Measurment Form\u201d is available (data according to measurement plan CF Receipt No. 0726)<\/p>\n<p>Winter storage in the hall always on the trailer (support points renewed) &#8211; viewing possible at any time in Bremen North by arrangement.<br \/>\nequipment<\/p>\n<ul>\n<li><span class=\"fontstyle2\">Lifting harness and \u201ctwo-leg\u201d for erecting the mast even without a crane <\/span><\/li>\n<li><span class=\"fontstyle2\">Outboard engine 5 HP (refurbished) with stainless steel bracket &#8211; control from the cockpit via a lever (accelerator \/ forward \/ neutral \/ back)<\/span><\/li>\n<li><span class=\"fontstyle2\">Two manual bilge pumps (port and starboard)<\/span><\/li>\n<li><span class=\"fontstyle2\">compass<\/span><\/li>\n<li><span class=\"fontstyle2\">Furling jib device<\/span><\/li>\n<li><span class=\"fontstyle2\">1 x cockpit cover and furling jib cover<\/span><\/li>\n<li><span class=\"fontstyle2\">1 x full cover (for transport)<\/span><\/li>\n<li><span class=\"fontstyle2\">2 x mainsail, 2 x jib plus 1 x heavy weather sail<\/span><\/li>\n<li><span class=\"fontstyle2\">2 spinnakers<\/span><\/li>\n<li><span class=\"fontstyle2\">Deck chute for spinnaker<\/span><\/li>\n<li><span class=\"fontstyle2\">complete set of all stretchers and sheets, two backstays made of DynaOne HS (not wire) &#8211; running rigging from Gleistein<\/span><\/li>\n<li><span class=\"fontstyle2\">various mooring lines, tow line, anchor with line, 5 fenders<\/span><\/li>\n<\/ul>\n<p>&nbsp;<\/p>\n<p><span class=\"fontstyle0\"><strong>Optional<\/strong><br \/>\n<\/span><\/p>\n<p>Trailer (double axle)<\/p>\n<p>&nbsp;<\/p>\n<p>&nbsp;<\/p>\n","protected":false},"excerpt":{"rendered":"<p>Specification General Name PETER Designer B\u00d6RRESEN Yard B\u00d6RRESEN Build 1995 LOA 8,92 m Width 1,96 m Draft 1,20 m Displacemant 1,7 t Berth Bremen, DE &nbsp;<span class=\"excerpt-hellip\"> [\u2026]<\/span><\/p>\n","protected":false},"featured_media":14613,"template":"","meta":{"_acf_changed":false},"product_brand":[],"product_cat":[58],"product_tag":[],"class_list":{"0":"post-14511","1":"product","2":"type-product","3":"status-publish","4":"has-post-thumbnail","6":"product_cat-sailboat","8":"first","9":"instock","10":"purchasable","11":"product-type-simple"},"acf":[],"yoast_head":"<!-- This site is optimized with the Yoast SEO plugin v27.3 - https:\/\/yoast.com\/product\/yoast-seo-wordpress\/ -->\n<title>PETER - Dragon - B\u00f6rresen (1995) - Robbe &amp; Berking - Yards<\/title>\n<meta name=\"robots\" content=\"index, follow, max-snippet:-1, max-image-preview:large, max-video-preview:-1\" \/>\n<link rel=\"canonical\" href=\"https:\/\/classic-yachts.com\/en\/product\/peter-drachen-boerresen-1995\/\" \/>\n<meta property=\"og:locale\" content=\"en_US\" \/>\n<meta property=\"og:type\" content=\"article\" \/>\n<meta property=\"og:title\" content=\"PETER - Dragon - B\u00f6rresen (1995) - Robbe &amp; Berking - Yards\" \/>\n<meta property=\"og:description\" content=\"Specification General Name PETER Designer B\u00d6RRESEN Yard B\u00d6RRESEN Build 1995 LOA 8,92 m Width 1,96 m Draft 1,20 m Displacemant 1,7 t Berth Bremen, DE &nbsp; [\u2026]\" \/>\n<meta property=\"og:url\" content=\"https:\/\/classic-yachts.com\/en\/product\/peter-drachen-boerresen-1995\/\" \/>\n<meta property=\"og:site_name\" content=\"Robbe &amp; Berking - Yards\" \/>\n<meta property=\"article:modified_time\" content=\"2024-08-02T13:09:30+00:00\" \/>\n<meta property=\"og:image\" content=\"https:\/\/classic-yachts.com\/wp-content\/uploads\/2024\/02\/11.jpg\" \/>\n\t<meta property=\"og:image:width\" content=\"1248\" \/>\n\t<meta property=\"og:image:height\" content=\"1870\" \/>\n\t<meta property=\"og:image:type\" content=\"image\/jpeg\" \/>\n<meta name=\"twitter:card\" content=\"summary_large_image\" \/>\n<meta name=\"twitter:label1\" content=\"Est. reading time\" \/>\n\t<meta name=\"twitter:data1\" content=\"2 minutes\" \/>\n<script type=\"application\/ld+json\" class=\"yoast-schema-graph\">{\"@context\":\"https:\\\/\\\/schema.org\",\"@graph\":[{\"@type\":\"WebPage\",\"@id\":\"https:\\\/\\\/classic-yachts.com\\\/en\\\/product\\\/peter-drachen-boerresen-1995\\\/\",\"url\":\"https:\\\/\\\/classic-yachts.com\\\/en\\\/product\\\/peter-drachen-boerresen-1995\\\/\",\"name\":\"PETER - Dragon - B\u00f6rresen (1995) - Robbe &amp; Berking - Yards\",\"isPartOf\":{\"@id\":\"https:\\\/\\\/classic-yachts.com\\\/en\\\/#website\"},\"primaryImageOfPage\":{\"@id\":\"https:\\\/\\\/classic-yachts.com\\\/en\\\/product\\\/peter-drachen-boerresen-1995\\\/#primaryimage\"},\"image\":{\"@id\":\"https:\\\/\\\/classic-yachts.com\\\/en\\\/product\\\/peter-drachen-boerresen-1995\\\/#primaryimage\"},\"thumbnailUrl\":\"https:\\\/\\\/classic-yachts.com\\\/wp-content\\\/uploads\\\/2024\\\/02\\\/11.jpg\",\"datePublished\":\"2024-01-16T15:34:20+00:00\",\"dateModified\":\"2024-08-02T13:09:30+00:00\",\"breadcrumb\":{\"@id\":\"https:\\\/\\\/classic-yachts.com\\\/en\\\/product\\\/peter-drachen-boerresen-1995\\\/#breadcrumb\"},\"inLanguage\":\"en-US\",\"potentialAction\":[{\"@type\":\"ReadAction\",\"target\":[\"https:\\\/\\\/classic-yachts.com\\\/en\\\/product\\\/peter-drachen-boerresen-1995\\\/\"]}]},{\"@type\":\"ImageObject\",\"inLanguage\":\"en-US\",\"@id\":\"https:\\\/\\\/classic-yachts.com\\\/en\\\/product\\\/peter-drachen-boerresen-1995\\\/#primaryimage\",\"url\":\"https:\\\/\\\/classic-yachts.com\\\/wp-content\\\/uploads\\\/2024\\\/02\\\/11.jpg\",\"contentUrl\":\"https:\\\/\\\/classic-yachts.com\\\/wp-content\\\/uploads\\\/2024\\\/02\\\/11.jpg\",\"width\":1248,\"height\":1870},{\"@type\":\"BreadcrumbList\",\"@id\":\"https:\\\/\\\/classic-yachts.com\\\/en\\\/product\\\/peter-drachen-boerresen-1995\\\/#breadcrumb\",\"itemListElement\":[{\"@type\":\"ListItem\",\"position\":1,\"name\":\"Startseite\",\"item\":\"https:\\\/\\\/classic-yachts.com\\\/en\\\/\"},{\"@type\":\"ListItem\",\"position\":2,\"name\":\"Portfolio\",\"item\":\"https:\\\/\\\/classic-yachts.com\\\/en\\\/baum-koenig-yacht-broker\\\/portfolio\\\/\"},{\"@type\":\"ListItem\",\"position\":3,\"name\":\"PETER &#8211; Dragon &#8211; B\u00f6rresen (1995)\"}]},{\"@type\":\"WebSite\",\"@id\":\"https:\\\/\\\/classic-yachts.com\\\/en\\\/#website\",\"url\":\"https:\\\/\\\/classic-yachts.com\\\/en\\\/\",\"name\":\"Robbe &amp; Berking - Yards\",\"description\":\"The Maritime spirit of Robbe &amp; Berking\",\"potentialAction\":[{\"@type\":\"SearchAction\",\"target\":{\"@type\":\"EntryPoint\",\"urlTemplate\":\"https:\\\/\\\/classic-yachts.com\\\/en\\\/?s={search_term_string}\"},\"query-input\":{\"@type\":\"PropertyValueSpecification\",\"valueRequired\":true,\"valueName\":\"search_term_string\"}}],\"inLanguage\":\"en-US\"}]}<\/script>\n<!-- \/ Yoast SEO plugin. -->","yoast_head_json":{"title":"PETER - Dragon - B\u00f6rresen (1995) - Robbe &amp; Berking - Yards","robots":{"index":"index","follow":"follow","max-snippet":"max-snippet:-1","max-image-preview":"max-image-preview:large","max-video-preview":"max-video-preview:-1"},"canonical":"https:\/\/classic-yachts.com\/en\/product\/peter-drachen-boerresen-1995\/","og_locale":"en_US","og_type":"article","og_title":"PETER - Dragon - B\u00f6rresen (1995) - Robbe &amp; Berking - Yards","og_description":"Specification General Name PETER Designer B\u00d6RRESEN Yard B\u00d6RRESEN Build 1995 LOA 8,92 m Width 1,96 m Draft 1,20 m Displacemant 1,7 t Berth Bremen, DE &nbsp; [\u2026]","og_url":"https:\/\/classic-yachts.com\/en\/product\/peter-drachen-boerresen-1995\/","og_site_name":"Robbe &amp; Berking - Yards","article_modified_time":"2024-08-02T13:09:30+00:00","og_image":[{"width":1248,"height":1870,"url":"https:\/\/classic-yachts.com\/wp-content\/uploads\/2024\/02\/11.jpg","type":"image\/jpeg"}],"twitter_card":"summary_large_image","twitter_misc":{"Est. reading time":"2 minutes"},"schema":{"@context":"https:\/\/schema.org","@graph":[{"@type":"WebPage","@id":"https:\/\/classic-yachts.com\/en\/product\/peter-drachen-boerresen-1995\/","url":"https:\/\/classic-yachts.com\/en\/product\/peter-drachen-boerresen-1995\/","name":"PETER - Dragon - B\u00f6rresen (1995) - Robbe &amp; Berking - Yards","isPartOf":{"@id":"https:\/\/classic-yachts.com\/en\/#website"},"primaryImageOfPage":{"@id":"https:\/\/classic-yachts.com\/en\/product\/peter-drachen-boerresen-1995\/#primaryimage"},"image":{"@id":"https:\/\/classic-yachts.com\/en\/product\/peter-drachen-boerresen-1995\/#primaryimage"},"thumbnailUrl":"https:\/\/classic-yachts.com\/wp-content\/uploads\/2024\/02\/11.jpg","datePublished":"2024-01-16T15:34:20+00:00","dateModified":"2024-08-02T13:09:30+00:00","breadcrumb":{"@id":"https:\/\/classic-yachts.com\/en\/product\/peter-drachen-boerresen-1995\/#breadcrumb"},"inLanguage":"en-US","potentialAction":[{"@type":"ReadAction","target":["https:\/\/classic-yachts.com\/en\/product\/peter-drachen-boerresen-1995\/"]}]},{"@type":"ImageObject","inLanguage":"en-US","@id":"https:\/\/classic-yachts.com\/en\/product\/peter-drachen-boerresen-1995\/#primaryimage","url":"https:\/\/classic-yachts.com\/wp-content\/uploads\/2024\/02\/11.jpg","contentUrl":"https:\/\/classic-yachts.com\/wp-content\/uploads\/2024\/02\/11.jpg","width":1248,"height":1870},{"@type":"BreadcrumbList","@id":"https:\/\/classic-yachts.com\/en\/product\/peter-drachen-boerresen-1995\/#breadcrumb","itemListElement":[{"@type":"ListItem","position":1,"name":"Startseite","item":"https:\/\/classic-yachts.com\/en\/"},{"@type":"ListItem","position":2,"name":"Portfolio","item":"https:\/\/classic-yachts.com\/en\/baum-koenig-yacht-broker\/portfolio\/"},{"@type":"ListItem","position":3,"name":"PETER &#8211; Dragon &#8211; B\u00f6rresen (1995)"}]},{"@type":"WebSite","@id":"https:\/\/classic-yachts.com\/en\/#website","url":"https:\/\/classic-yachts.com\/en\/","name":"Robbe &amp; Berking - Yards","description":"The Maritime spirit of Robbe &amp; Berking","potentialAction":[{"@type":"SearchAction","target":{"@type":"EntryPoint","urlTemplate":"https:\/\/classic-yachts.com\/en\/?s={search_term_string}"},"query-input":{"@type":"PropertyValueSpecification","valueRequired":true,"valueName":"search_term_string"}}],"inLanguage":"en-US"}]}},"_links":{"self":[{"href":"https:\/\/classic-yachts.com\/en\/wp-json\/wp\/v2\/product\/14511","targetHints":{"allow":["GET"]}}],"collection":[{"href":"https:\/\/classic-yachts.com\/en\/wp-json\/wp\/v2\/product"}],"about":[{"href":"https:\/\/classic-yachts.com\/en\/wp-json\/wp\/v2\/types\/product"}],"wp:featuredmedia":[{"embeddable":true,"href":"https:\/\/classic-yachts.com\/en\/wp-json\/wp\/v2\/media\/14613"}],"wp:attachment":[{"href":"https:\/\/classic-yachts.com\/en\/wp-json\/wp\/v2\/media?parent=14511"}],"wp:term":[{"taxonomy":"product_brand","embeddable":true,"href":"https:\/\/classic-yachts.com\/en\/wp-json\/wp\/v2\/product_brand?post=14511"},{"taxonomy":"product_cat","embeddable":true,"href":"https:\/\/classic-yachts.com\/en\/wp-json\/wp\/v2\/product_cat?post=14511"},{"taxonomy":"product_tag","embeddable":true,"href":"https:\/\/classic-yachts.com\/en\/wp-json\/wp\/v2\/product_tag?post=14511"}],"curies":[{"name":"wp","href":"https:\/\/api.w.org\/{rel}","templated":true}]}}